{"id":158,"date":"2025-04-11T16:59:51","date_gmt":"2025-04-11T19:59:51","guid":{"rendered":"http:\/\/fabriek.com.br\/?p=158"},"modified":"2025-05-05T13:42:53","modified_gmt":"2025-05-05T16:42:53","slug":"arquitetura-de-financiamento-desenvolvimento-de-consorcios","status":"publish","type":"page","link":"https:\/\/fabriek.com.br\/?page_id=158","title":{"rendered":"Arquitetura de financiamento &amp; desenvolvimento de cons\u00f3rcios"},"content":{"rendered":"\n<p class=\"has-small-font-size\">Viabilizar financeiramente projetos ambiciosos de adapta\u00e7\u00e3o clim\u00e1tica \u00e9 um desafio central para os munic\u00edpios brasileiros. A estrutura\u00e7\u00e3o de candidaturas a editais, a montagem de cons\u00f3rcios multidisciplinares e o desenho de esquemas de financiamento inovadores s\u00e3o compet\u00eancias essenciais para transformar planos em realidade.<\/p>\n\n\n\n<!--more-->\n\n\n\n<p class=\"has-small-font-size\">FA-BRIEK possui expertise na arquitetura financeira de projetos complexos. Nossa experi\u00eancia internacional envolve a participa\u00e7\u00e3o e a lideran\u00e7a em processos competitivos e a colabora\u00e7\u00e3o com diversos tipos de clientes, incluindo governos, investidores privados e entidades intermunicipais, para viabilizar iniciativas de grande escala. <\/p>\n\n\n\n<p class=\"has-small-font-size\">Atuamos, por exemplo, na concep\u00e7\u00e3o e desenvolvimento de um eco-bairro em Li\u00e8ge, um projeto que exigiu um robusto plano financeiro e a coordena\u00e7\u00e3o de m\u00faltiplos parceiros desde a fase de competi\u00e7\u00e3o. Em outro contexto, participamos de estudos para a cobertura de parte do anel vi\u00e1rio de Antu\u00e9rpia, um projeto de infraestrutura de grande porte que demandou planejamento financeiro e colabora\u00e7\u00e3o interinstitucional complexa. <\/p>\n\n\n\n<figure class=\"wp-block-image size-large\"><img loading=\"lazy\" decoding=\"async\" width=\"1024\" height=\"576\" src=\"http:\/\/fabriek.com.br\/wp-content\/uploads\/2025\/05\/AU02-1-1024x576.jpg\" alt=\"\" class=\"wp-image-167\" srcset=\"https:\/\/fabriek.com.br\/wp-content\/uploads\/2025\/05\/AU02-1-1024x576.jpg 1024w, https:\/\/fabriek.com.br\/wp-content\/uploads\/2025\/05\/AU02-1-300x169.jpg 300w, https:\/\/fabriek.com.br\/wp-content\/uploads\/2025\/05\/AU02-1-768x432.jpg 768w, https:\/\/fabriek.com.br\/wp-content\/uploads\/2025\/05\/AU02-1-1536x864.jpg 1536w, https:\/\/fabriek.com.br\/wp-content\/uploads\/2025\/05\/AU02-1.jpg 1600w\" sizes=\"auto, (max-width: 767px) 89vw, (max-width: 1000px) 54vw, (max-width: 1071px) 543px, 580px\" \/><\/figure>\n\n\n\n<p class=\"has-small-font-size\">A nossa capacidade de montar cons\u00f3rcios multidisciplinares, reunindo especialistas em engenharia, urbanismo, finan\u00e7as e gest\u00e3o ambiental, foi crucial em diversas ocasi\u00f5es, como no desenvolvimento de masterplans estrat\u00e9gicos para parques urbanos e na requalifica\u00e7\u00e3o de \u00e1reas industriais. <\/p>\n\n\n\n<p class=\"has-small-font-size\">Compreendemos os mecanismos de financiamento misto (subs\u00eddios, cr\u00e9dito subsidiado, blended finance) e como estruturar propostas competitivas para acessar recursos nacionais e internacionais, alinhando as necessidades do projeto com as oportunidades de financiamento dispon\u00edveis.<\/p>\n\n\n\n<hr class=\"wp-block-separator has-alpha-channel-opacity\"\/>\n\n\n\n<p class=\"has-small-font-size\">Precisa de ajuda para estruturar o financiamento do seu pr\u00f3ximo projeto de adapta\u00e7\u00e3o clim\u00e1tica? FA-BRIEK oferece suporte especializado na elabora\u00e7\u00e3o de candidaturas, forma\u00e7\u00e3o de cons\u00f3rcios e desenho de modelos financeiros sustent\u00e1veis. <\/p>\n\n\n\n<p class=\"has-small-font-size\">Vamos construir juntos a viabilidade econ\u00f4mica dos seus projetos mais ambiciosos. Fale conosco.<\/p>\n","protected":false},"excerpt":{"rendered":"<p>Viabilizar financeiramente projetos ambiciosos de adapta\u00e7\u00e3o clim\u00e1tica \u00e9 um desafio central para os munic\u00edpios brasileiros. A estrutura\u00e7\u00e3o de candidaturas a editais, a montagem de cons\u00f3rcios multidisciplinares e o desenho de esquemas de financiamento inovadores s\u00e3o compet\u00eancias essenciais para transformar planos em realidade.<\/p>\n","protected":false},"author":1,"featured_media":0,"parent":133,"menu_order":4,"comment_status":"closed","ping_status":"closed","template":"","meta":{"_joinchat":[],"footnotes":""},"class_list":["post-158","page","type-page","status-publish","hentry"],"_links":{"self":[{"href":"https:\/\/fabriek.com.br\/index.php?rest_route=\/wp\/v2\/pages\/158","targetHints":{"allow":["GET"]}}],"collection":[{"href":"https:\/\/fabriek.com.br\/index.php?rest_route=\/wp\/v2\/pages"}],"about":[{"href":"https:\/\/fabriek.com.br\/index.php?rest_route=\/wp\/v2\/types\/page"}],"author":[{"embeddable":true,"href":"https:\/\/fabriek.com.br\/index.php?rest_route=\/wp\/v2\/users\/1"}],"replies":[{"embeddable":true,"href":"https:\/\/fabriek.com.br\/index.php?rest_route=%2Fwp%2Fv2%2Fcomments&post=158"}],"version-history":[{"count":2,"href":"https:\/\/fabriek.com.br\/index.php?rest_route=\/wp\/v2\/pages\/158\/revisions"}],"predecessor-version":[{"id":170,"href":"https:\/\/fabriek.com.br\/index.php?rest_route=\/wp\/v2\/pages\/158\/revisions\/170"}],"up":[{"embeddable":true,"href":"https:\/\/fabriek.com.br\/index.php?rest_route=\/wp\/v2\/pages\/133"}],"wp:attachment":[{"href":"https:\/\/fabriek.com.br\/index.php?rest_route=%2Fwp%2Fv2%2Fmedia&parent=158"}],"curies":[{"name":"wp","href":"https:\/\/api.w.org\/{rel}","templated":true}]}}