{"id":148,"date":"2025-04-14T09:05:00","date_gmt":"2025-04-14T12:05:00","guid":{"rendered":"http:\/\/fabriek.com.br\/?p=148"},"modified":"2025-05-05T13:42:39","modified_gmt":"2025-05-05T16:42:39","slug":"tagareas-de-especializacao-2","status":"publish","type":"page","link":"https:\/\/fabriek.com.br\/?page_id=148","title":{"rendered":"Capacita\u00e7\u00e3o e fortalecimento institucional"},"content":{"rendered":"\n<p class=\"has-small-font-size\">A complexidade dos projetos de adapta\u00e7\u00e3o clim\u00e1tica exige n\u00e3o apenas solu\u00e7\u00f5es t\u00e9cnicas inovadoras, mas tamb\u00e9m equipes municipais capacitadas e institui\u00e7\u00f5es fortalecidas. A gest\u00e3o eficaz de iniciativas que envolvem m\u00faltiplas secretarias, especialistas e stakeholders \u00e9 um desafio crucial para o sucesso das a\u00e7\u00f5es clim\u00e1ticas no Brasil.<\/p>\n\n\n\n<!--more-->\n\n\n\n<p class=\"has-small-font-size\">A FA-BRIEK compreende que <strong>o sucesso de projetos transformadores depende da capacidade das equipes<\/strong> locais em geri-los. <\/p>\n\n\n\n<p class=\"has-small-font-size\">Nossa experi\u00eancia internacional na condu\u00e7\u00e3o de processos complexos de design e planeamento urbano, desde a competi\u00e7\u00e3o at\u00e9 a supervis\u00e3o da constru\u00e7\u00e3o, nos proporcionou um profundo conhecimento sobre como alinhar vis\u00f5es e integrar especialidades diversas. <\/p>\n\n\n\n<figure class=\"wp-block-gallery has-nested-images columns-4 is-cropped wp-block-gallery-1 is-layout-flex wp-block-gallery-is-layout-flex\">\n<figure class=\"wp-block-image size-medium\"><img loading=\"lazy\" decoding=\"async\" width=\"300\" height=\"169\" data-id=\"153\" src=\"http:\/\/fabriek.com.br\/wp-content\/uploads\/2025\/05\/AU01-300x169.jpg\" alt=\"\" class=\"wp-image-153\" srcset=\"https:\/\/fabriek.com.br\/wp-content\/uploads\/2025\/05\/AU01-300x169.jpg 300w, https:\/\/fabriek.com.br\/wp-content\/uploads\/2025\/05\/AU01-1024x576.jpg 1024w, https:\/\/fabriek.com.br\/wp-content\/uploads\/2025\/05\/AU01-768x432.jpg 768w, https:\/\/fabriek.com.br\/wp-content\/uploads\/2025\/05\/AU01-1536x864.jpg 1536w, https:\/\/fabriek.com.br\/wp-content\/uploads\/2025\/05\/AU01.jpg 1600w\" sizes=\"auto, (max-width: 300px) 100vw, 300px\" \/><\/figure>\n\n\n\n<figure class=\"wp-block-image size-medium\"><img loading=\"lazy\" decoding=\"async\" width=\"300\" height=\"169\" data-id=\"152\" src=\"http:\/\/fabriek.com.br\/wp-content\/uploads\/2025\/05\/AU02-300x169.jpg\" alt=\"\" class=\"wp-image-152\" srcset=\"https:\/\/fabriek.com.br\/wp-content\/uploads\/2025\/05\/AU02-300x169.jpg 300w, https:\/\/fabriek.com.br\/wp-content\/uploads\/2025\/05\/AU02-1024x576.jpg 1024w, https:\/\/fabriek.com.br\/wp-content\/uploads\/2025\/05\/AU02-768x432.jpg 768w, https:\/\/fabriek.com.br\/wp-content\/uploads\/2025\/05\/AU02-1536x864.jpg 1536w, https:\/\/fabriek.com.br\/wp-content\/uploads\/2025\/05\/AU02.jpg 1600w\" sizes=\"auto, (max-width: 300px) 100vw, 300px\" \/><\/figure>\n\n\n\n<figure class=\"wp-block-image size-medium\"><img loading=\"lazy\" decoding=\"async\" width=\"300\" height=\"225\" data-id=\"154\" src=\"http:\/\/fabriek.com.br\/wp-content\/uploads\/2025\/05\/AU05-300x225.jpg\" alt=\"\" class=\"wp-image-154\" srcset=\"https:\/\/fabriek.com.br\/wp-content\/uploads\/2025\/05\/AU05-300x225.jpg 300w, https:\/\/fabriek.com.br\/wp-content\/uploads\/2025\/05\/AU05-1024x768.jpg 1024w, https:\/\/fabriek.com.br\/wp-content\/uploads\/2025\/05\/AU05-768x576.jpg 768w, https:\/\/fabriek.com.br\/wp-content\/uploads\/2025\/05\/AU05-1536x1152.jpg 1536w, https:\/\/fabriek.com.br\/wp-content\/uploads\/2025\/05\/AU05.jpg 1600w\" sizes=\"auto, (max-width: 300px) 100vw, 300px\" \/><\/figure>\n\n\n\n<figure class=\"wp-block-image size-medium\"><img loading=\"lazy\" decoding=\"async\" width=\"300\" height=\"169\" data-id=\"155\" src=\"http:\/\/fabriek.com.br\/wp-content\/uploads\/2025\/05\/AU07-300x169.jpg\" alt=\"\" class=\"wp-image-155\" srcset=\"https:\/\/fabriek.com.br\/wp-content\/uploads\/2025\/05\/AU07-300x169.jpg 300w, https:\/\/fabriek.com.br\/wp-content\/uploads\/2025\/05\/AU07-1024x576.jpg 1024w, https:\/\/fabriek.com.br\/wp-content\/uploads\/2025\/05\/AU07-768x432.jpg 768w, https:\/\/fabriek.com.br\/wp-content\/uploads\/2025\/05\/AU07-1536x864.jpg 1536w, https:\/\/fabriek.com.br\/wp-content\/uploads\/2025\/05\/AU07.jpg 1600w\" sizes=\"auto, (max-width: 300px) 100vw, 300px\" \/><\/figure>\n<\/figure>\n\n\n\n<p class=\"has-small-font-size\">Lideramos, por exemplo, o desenvolvimento de masterplans para grandes projetos de infraestrutura urbana e eco-bairros, guiando stakeholders governamentais, investidores privados e especialistas t\u00e9cnicos (mobilidade, ambiental, engenharia, ecologia, etc.) atrav\u00e9s de todas as fases. <\/p>\n\n\n\n<p class=\"has-small-font-size\">Essa atua\u00e7\u00e3o envolveu a adapta\u00e7\u00e3o de regras urban\u00edsticas, a gest\u00e3o de processos participativos e a garantia da integra\u00e7\u00e3o t\u00e9cnica e funcional. <\/p>\n\n\n\n<p class=\"has-small-font-size\">Em projetos estrat\u00e9gicos a n\u00edvel regional, como a defini\u00e7\u00e3o de diretrizes de design para esverdeamento e infiltra\u00e7\u00e3o de \u00e1gua em vias p\u00fablicas, atuamos na facilita\u00e7\u00e3o e na constru\u00e7\u00e3o de consensos t\u00e9cnicos e pol\u00edticos. Essa viv\u00eancia pr\u00e1tica na gest\u00e3o de projetos complexos e na colabora\u00e7\u00e3o intersetorial nos qualifica a oferecer programas de treinamento, coaching e apoio regulat\u00f3rio customizados, fortalecendo as equipes municipais e os t\u00e9cnicos brasileiros para liderarem seus pr\u00f3prios projetos de adapta\u00e7\u00e3o clim\u00e1tica com confian\u00e7a e efic\u00e1cia.<\/p>\n\n\n\n<hr class=\"wp-block-separator has-alpha-channel-opacity\"\/>\n\n\n\n<p class=\"has-small-font-size\">Sua equipe municipal precisa de apoio para navegar pela complexidade dos projetos de adapta\u00e7\u00e3o clim\u00e1tica? A FA-BRIEK oferece capacita\u00e7\u00e3o e fortalecimento institucional baseados em experi\u00eancia pr\u00e1tica comprovada. Vamos fortalecer juntos a capacidade do seu munic\u00edpio de implementar projetos transformadores. <\/p>\n\n\n\n<p class=\"has-small-font-size\">Entre em contato para conhecer nossos programas.<\/p>\n","protected":false},"excerpt":{"rendered":"<p>Capacitar equipes municipais \u00e9 essencial para enfrentar os desafios da adapta\u00e7\u00e3o clim\u00e1tica. A FA-BRIEK oferece treinamentos, coaching e suporte t\u00e9cnico baseados em experi\u00eancia pr\u00e1tica internacional, ajudando gestores p\u00fablicos a alinhar vis\u00f5es, integrar especialidades e conduzir projetos complexos com seguran\u00e7a. Fortalecemos institui\u00e7\u00f5es locais para que liderem com efic\u00e1cia suas pr\u00f3prias estrat\u00e9gias de resili\u00eancia urbana.<\/p>\n","protected":false},"author":1,"featured_media":0,"parent":133,"menu_order":3,"comment_status":"closed","ping_status":"closed","template":"","meta":{"_joinchat":[],"footnotes":""},"class_list":["post-148","page","type-page","status-publish","hentry"],"_links":{"self":[{"href":"https:\/\/fabriek.com.br\/index.php?rest_route=\/wp\/v2\/pages\/148","targetHints":{"allow":["GET"]}}],"collection":[{"href":"https:\/\/fabriek.com.br\/index.php?rest_route=\/wp\/v2\/pages"}],"about":[{"href":"https:\/\/fabriek.com.br\/index.php?rest_route=\/wp\/v2\/types\/page"}],"author":[{"embeddable":true,"href":"https:\/\/fabriek.com.br\/index.php?rest_route=\/wp\/v2\/users\/1"}],"replies":[{"embeddable":true,"href":"https:\/\/fabriek.com.br\/index.php?rest_route=%2Fwp%2Fv2%2Fcomments&post=148"}],"version-history":[{"count":7,"href":"https:\/\/fabriek.com.br\/index.php?rest_route=\/wp\/v2\/pages\/148\/revisions"}],"predecessor-version":[{"id":181,"href":"https:\/\/fabriek.com.br\/index.php?rest_route=\/wp\/v2\/pages\/148\/revisions\/181"}],"up":[{"embeddable":true,"href":"https:\/\/fabriek.com.br\/index.php?rest_route=\/wp\/v2\/pages\/133"}],"wp:attachment":[{"href":"https:\/\/fabriek.com.br\/index.php?rest_route=%2Fwp%2Fv2%2Fmedia&parent=148"}],"curies":[{"name":"wp","href":"https:\/\/api.w.org\/{rel}","templated":true}]}}