{"id":140,"date":"2025-04-12T10:06:05","date_gmt":"2025-04-12T13:06:05","guid":{"rendered":"http:\/\/fabriek.com.br\/?p=140"},"modified":"2025-05-05T13:42:26","modified_gmt":"2025-05-05T16:42:26","slug":"tagareas-de-especializacao-3","status":"publish","type":"page","link":"https:\/\/fabriek.com.br\/?page_id=140","title":{"rendered":"Solu\u00e7\u00f5es Baseadas na Natureza &amp; Paisagens Regenerativas"},"content":{"rendered":"\n<p class=\"has-small-font-size\">Integrar a natureza nas cidades \u00e9 essencial para enfrentar os desafios clim\u00e1ticos e criar ambientes urbanos mais saud\u00e1veis e agrad\u00e1veis. As Solu\u00e7\u00f5es Baseadas na Natureza (SbN) e o design de paisagens regenerativas oferecem abordagens inovadoras para mitigar ilhas de calor, gerir \u00e1guas pluviais de forma sustent\u00e1vel e promover a biodiversidade local, transformando a infraestrutura cinza em verde.<\/p>\n\n\n\n<!--more-->\n\n\n\n<p class=\"has-small-font-size\">A FA-BRIEK acredita no poder transformador da natureza urbana. Nossa experi\u00eancia internacional inclui o desenvolvimento de vis\u00f5es estrat\u00e9gicas e masterplans para parques urbanos multifuncionais. <\/p>\n\n\n\n<figure class=\"wp-block-gallery has-nested-images columns-4 is-cropped wp-block-gallery-1 is-layout-flex wp-block-gallery-is-layout-flex\">\n<figure class=\"wp-block-image size-large\"><img loading=\"lazy\" decoding=\"async\" width=\"625\" height=\"625\" data-id=\"123\" src=\"http:\/\/fabriek.com.br\/wp-content\/uploads\/2025\/05\/02.jpg\" alt=\"\" class=\"wp-image-123\" srcset=\"https:\/\/fabriek.com.br\/wp-content\/uploads\/2025\/05\/02.jpg 625w, https:\/\/fabriek.com.br\/wp-content\/uploads\/2025\/05\/02-300x300.jpg 300w, https:\/\/fabriek.com.br\/wp-content\/uploads\/2025\/05\/02-150x150.jpg 150w, https:\/\/fabriek.com.br\/wp-content\/uploads\/2025\/05\/02-100x100.jpg 100w\" sizes=\"auto, (max-width: 625px) 100vw, 625px\" \/><\/figure>\n\n\n\n<figure class=\"wp-block-image size-large\"><img loading=\"lazy\" decoding=\"async\" width=\"1024\" height=\"1024\" data-id=\"122\" src=\"http:\/\/fabriek.com.br\/wp-content\/uploads\/2025\/05\/01-1024x1024.jpg\" alt=\"\" class=\"wp-image-122\" srcset=\"https:\/\/fabriek.com.br\/wp-content\/uploads\/2025\/05\/01-1024x1024.jpg 1024w, https:\/\/fabriek.com.br\/wp-content\/uploads\/2025\/05\/01-300x300.jpg 300w, https:\/\/fabriek.com.br\/wp-content\/uploads\/2025\/05\/01-150x150.jpg 150w, https:\/\/fabriek.com.br\/wp-content\/uploads\/2025\/05\/01-768x768.jpg 768w, https:\/\/fabriek.com.br\/wp-content\/uploads\/2025\/05\/01-100x100.jpg 100w, https:\/\/fabriek.com.br\/wp-content\/uploads\/2025\/05\/01.jpg 1045w\" sizes=\"auto, (max-width: 767px) 89vw, (max-width: 1000px) 54vw, (max-width: 1071px) 543px, 580px\" \/><\/figure>\n\n\n\n<figure class=\"wp-block-image size-large\"><img loading=\"lazy\" decoding=\"async\" width=\"773\" height=\"773\" data-id=\"128\" src=\"http:\/\/fabriek.com.br\/wp-content\/uploads\/2025\/05\/08.jpg\" alt=\"\" class=\"wp-image-128\" srcset=\"https:\/\/fabriek.com.br\/wp-content\/uploads\/2025\/05\/08.jpg 773w, https:\/\/fabriek.com.br\/wp-content\/uploads\/2025\/05\/08-300x300.jpg 300w, https:\/\/fabriek.com.br\/wp-content\/uploads\/2025\/05\/08-150x150.jpg 150w, https:\/\/fabriek.com.br\/wp-content\/uploads\/2025\/05\/08-768x768.jpg 768w, https:\/\/fabriek.com.br\/wp-content\/uploads\/2025\/05\/08-100x100.jpg 100w\" sizes=\"auto, (max-width: 767px) 89vw, (max-width: 1000px) 54vw, (max-width: 1071px) 543px, 580px\" \/><\/figure>\n\n\n\n<figure class=\"wp-block-image size-large\"><img loading=\"lazy\" decoding=\"async\" width=\"337\" height=\"337\" data-id=\"129\" src=\"http:\/\/fabriek.com.br\/wp-content\/uploads\/2025\/05\/09.jpg\" alt=\"\" class=\"wp-image-129\" srcset=\"https:\/\/fabriek.com.br\/wp-content\/uploads\/2025\/05\/09.jpg 337w, https:\/\/fabriek.com.br\/wp-content\/uploads\/2025\/05\/09-300x300.jpg 300w, https:\/\/fabriek.com.br\/wp-content\/uploads\/2025\/05\/09-150x150.jpg 150w, https:\/\/fabriek.com.br\/wp-content\/uploads\/2025\/05\/09-100x100.jpg 100w\" sizes=\"auto, (max-width: 337px) 100vw, 337px\" \/><\/figure>\n<\/figure>\n\n\n\n<p class=\"has-small-font-size\">Em Antu\u00e9rpia, colaboramos na cria\u00e7\u00e3o de um parque aqu\u00e1tico urbano projetado n\u00e3o apenas como espa\u00e7o de lazer, mas como uma infraestrutura vital para prote\u00e7\u00e3o contra inunda\u00e7\u00f5es, integrando zonas h\u00famidas, agricultura biol\u00f3gica urbana e elementos paisag\u00edsticos naturais para benef\u00edcio social e ecol\u00f3gico. <\/p>\n\n\n\n<p class=\"has-small-font-size\">Em Li\u00e8ge, trabalhamos na revitaliza\u00e7\u00e3o de uma antiga zona industrial, convertendo-a num eco-bairro modelo atrav\u00e9s do design paisag\u00edstico de parques e jardins ecol\u00f3gicos, tanto p\u00fablicos quanto privados, demonstrando como a remedia\u00e7\u00e3o de solos e a reintrodu\u00e7\u00e3o da natureza podem coexistir com o desenvolvimento urbano. <\/p>\n\n\n\n<p class=\"has-small-font-size\">Tamb\u00e9m contribu\u00edmos para estrat\u00e9gias regionais de &#8220;desimpermeabiliza\u00e7\u00e3o&#8221; e esverdeamento, focando na melhoria da infiltra\u00e7\u00e3o de \u00e1gua e na gest\u00e3o h\u00eddrica atrav\u00e9s de solu\u00e7\u00f5es t\u00e9cnicas e de planeamento escal\u00e1veis, alinhando especialidades como hidrologia, ecologia e urbanismo para aumentar a permeabilidade e a resili\u00eancia da malha urbana.<\/p>\n\n\n\n<hr class=\"wp-block-separator has-alpha-channel-opacity\"\/>\n\n\n\n<p class=\"has-small-font-size\">Deseja implementar solu\u00e7\u00f5es baseadas na natureza que realmente funcionem no contexto do seu munic\u00edpio? A FA-BRIEK combina experi\u00eancia pr\u00e1tica em projetos de infraestrutura verde, paisagismo regenerativo e gest\u00e3o h\u00eddrica com uma vis\u00e3o estrat\u00e9gica. Vamos conversar sobre como podemos co-criar solu\u00e7\u00f5es verdes inovadoras e eficazes para a sua cidade.<\/p>\n","protected":false},"excerpt":{"rendered":"<p>Integrar a natureza nas cidades \u00e9 essencial para enfrentar os desafios clim\u00e1ticos e criar ambientes urbanos mais saud\u00e1veis e agrad\u00e1veis. As Solu\u00e7\u00f5es Baseadas na Natureza (SbN) e o design de paisagens regenerativas oferecem abordagens inovadoras para mitigar ilhas de calor, gerir \u00e1guas pluviais de forma sustent\u00e1vel e promover a biodiversidade local, transformando a infraestrutura cinza &hellip; <\/p>\n<p class=\"link-more\"><a href=\"https:\/\/fabriek.com.br\/?page_id=140\" class=\"more-link\">Continue reading<span class=\"screen-reader-text\"> &#8220;Solu\u00e7\u00f5es Baseadas na Natureza &amp; Paisagens Regenerativas&#8221;<\/span><\/a><\/p>\n","protected":false},"author":1,"featured_media":146,"parent":133,"menu_order":2,"comment_status":"closed","ping_status":"closed","template":"","meta":{"_joinchat":[],"footnotes":""},"class_list":["post-140","page","type-page","status-publish","has-post-thumbnail","hentry"],"_links":{"self":[{"href":"https:\/\/fabriek.com.br\/index.php?rest_route=\/wp\/v2\/pages\/140","targetHints":{"allow":["GET"]}}],"collection":[{"href":"https:\/\/fabriek.com.br\/index.php?rest_route=\/wp\/v2\/pages"}],"about":[{"href":"https:\/\/fabriek.com.br\/index.php?rest_route=\/wp\/v2\/types\/page"}],"author":[{"embeddable":true,"href":"https:\/\/fabriek.com.br\/index.php?rest_route=\/wp\/v2\/users\/1"}],"replies":[{"embeddable":true,"href":"https:\/\/fabriek.com.br\/index.php?rest_route=%2Fwp%2Fv2%2Fcomments&post=140"}],"version-history":[{"count":1,"href":"https:\/\/fabriek.com.br\/index.php?rest_route=\/wp\/v2\/pages\/140\/revisions"}],"predecessor-version":[{"id":141,"href":"https:\/\/fabriek.com.br\/index.php?rest_route=\/wp\/v2\/pages\/140\/revisions\/141"}],"up":[{"embeddable":true,"href":"https:\/\/fabriek.com.br\/index.php?rest_route=\/wp\/v2\/pages\/133"}],"wp:featuredmedia":[{"embeddable":true,"href":"https:\/\/fabriek.com.br\/index.php?rest_route=\/wp\/v2\/media\/146"}],"wp:attachment":[{"href":"https:\/\/fabriek.com.br\/index.php?rest_route=%2Fwp%2Fv2%2Fmedia&parent=140"}],"curies":[{"name":"wp","href":"https:\/\/api.w.org\/{rel}","templated":true}]}}