{"id":133,"date":"2025-05-02T14:00:39","date_gmt":"2025-05-02T17:00:39","guid":{"rendered":"http:\/\/fabriek.com.br\/?page_id=133"},"modified":"2025-05-05T14:01:40","modified_gmt":"2025-05-05T17:01:40","slug":"areas-de-especializacao","status":"publish","type":"page","link":"https:\/\/fabriek.com.br\/?page_id=133","title":{"rendered":"\u00c1reas de especializa\u00e7\u00e3o"},"content":{"rendered":"\n<div class=\"wp-block-columns is-layout-flex wp-container-core-columns-is-layout-9d6595d7 wp-block-columns-is-layout-flex\">\n<div class=\"wp-block-column is-layout-flow wp-block-column-is-layout-flow\" style=\"flex-basis:33.33%\">\n<h2 class=\"wp-block-heading\">Nossas \u00e1reas de especializa\u00e7\u00e3o: conhecimento aplicado, impacto real<\/h2>\n\n\n\n<p class=\"has-small-font-size\">Na FA-BRIEK, nossas especializa\u00e7\u00f5es n\u00e3o s\u00e3o apenas temas de estudo \u2014 s\u00e3o frentes nas quais atuamos diretamente, com experi\u00eancia pr\u00e1tica em diferentes contextos urbanos e ambientais. J\u00e1 estruturamos, executamos e acompanhamos projetos complexos, o que nos permite entender tanto o potencial transformador de cada abordagem quanto os desafios e armadilhas que podem surgir no caminho.<\/p>\n\n\n\n<p class=\"has-small-font-size\">Combinamos vis\u00e3o estrat\u00e9gica e rigor t\u00e9cnico para garantir que cada projeto seja n\u00e3o apenas inovador, mas tamb\u00e9m vi\u00e1vel, bem alinhado com pol\u00edticas p\u00fablicas e pronto para sair do papel. Seja em solu\u00e7\u00f5es baseadas na natureza, planejamento integrado ou financiamento clim\u00e1tico, entregamos mais do que conhecimento: entregamos seguran\u00e7a e clareza para avan\u00e7ar.<\/p>\n\n\n\n<figure class=\"wp-block-gallery has-nested-images columns-default is-cropped wp-block-gallery-1 is-layout-flex wp-block-gallery-is-layout-flex\">\n<figure class=\"wp-block-image size-large\"><img loading=\"lazy\" decoding=\"async\" width=\"1024\" height=\"768\" data-id=\"154\" src=\"http:\/\/fabriek.com.br\/wp-content\/uploads\/2025\/05\/AU05-1024x768.jpg\" alt=\"\" class=\"wp-image-154\" srcset=\"https:\/\/fabriek.com.br\/wp-content\/uploads\/2025\/05\/AU05-1024x768.jpg 1024w, https:\/\/fabriek.com.br\/wp-content\/uploads\/2025\/05\/AU05-300x225.jpg 300w, https:\/\/fabriek.com.br\/wp-content\/uploads\/2025\/05\/AU05-768x576.jpg 768w, https:\/\/fabriek.com.br\/wp-content\/uploads\/2025\/05\/AU05-1536x1152.jpg 1536w, https:\/\/fabriek.com.br\/wp-content\/uploads\/2025\/05\/AU05.jpg 1600w\" sizes=\"auto, (max-width: 767px) 89vw, (max-width: 1000px) 54vw, (max-width: 1071px) 543px, 580px\" \/><\/figure>\n\n\n\n<figure class=\"wp-block-image size-large\"><img loading=\"lazy\" decoding=\"async\" width=\"1024\" height=\"576\" data-id=\"153\" src=\"http:\/\/fabriek.com.br\/wp-content\/uploads\/2025\/05\/AU01-1024x576.jpg\" alt=\"\" class=\"wp-image-153\" srcset=\"https:\/\/fabriek.com.br\/wp-content\/uploads\/2025\/05\/AU01-1024x576.jpg 1024w, https:\/\/fabriek.com.br\/wp-content\/uploads\/2025\/05\/AU01-300x169.jpg 300w, https:\/\/fabriek.com.br\/wp-content\/uploads\/2025\/05\/AU01-768x432.jpg 768w, https:\/\/fabriek.com.br\/wp-content\/uploads\/2025\/05\/AU01-1536x864.jpg 1536w, https:\/\/fabriek.com.br\/wp-content\/uploads\/2025\/05\/AU01.jpg 1600w\" sizes=\"auto, (max-width: 767px) 89vw, (max-width: 1000px) 54vw, (max-width: 1071px) 543px, 580px\" \/><\/figure>\n\n\n\n<figure class=\"wp-block-image size-large\"><img loading=\"lazy\" decoding=\"async\" width=\"687\" height=\"687\" data-id=\"124\" src=\"http:\/\/fabriek.com.br\/wp-content\/uploads\/2025\/05\/03.jpg\" alt=\"\" class=\"wp-image-124\" srcset=\"https:\/\/fabriek.com.br\/wp-content\/uploads\/2025\/05\/03.jpg 687w, https:\/\/fabriek.com.br\/wp-content\/uploads\/2025\/05\/03-300x300.jpg 300w, https:\/\/fabriek.com.br\/wp-content\/uploads\/2025\/05\/03-150x150.jpg 150w, https:\/\/fabriek.com.br\/wp-content\/uploads\/2025\/05\/03-100x100.jpg 100w\" sizes=\"auto, (max-width: 687px) 100vw, 687px\" \/><\/figure>\n\n\n\n<figure class=\"wp-block-image size-large\"><img loading=\"lazy\" decoding=\"async\" width=\"703\" height=\"703\" data-id=\"120\" src=\"http:\/\/fabriek.com.br\/wp-content\/uploads\/2025\/05\/06.jpg\" alt=\"\" class=\"wp-image-120\" srcset=\"https:\/\/fabriek.com.br\/wp-content\/uploads\/2025\/05\/06.jpg 703w, https:\/\/fabriek.com.br\/wp-content\/uploads\/2025\/05\/06-300x300.jpg 300w, https:\/\/fabriek.com.br\/wp-content\/uploads\/2025\/05\/06-150x150.jpg 150w, https:\/\/fabriek.com.br\/wp-content\/uploads\/2025\/05\/06-100x100.jpg 100w\" sizes=\"auto, (max-width: 703px) 100vw, 703px\" \/><\/figure>\n\n\n\n<figure class=\"wp-block-image size-large\"><img loading=\"lazy\" decoding=\"async\" width=\"260\" height=\"285\" data-id=\"86\" src=\"http:\/\/fabriek.com.br\/wp-content\/uploads\/2025\/05\/260x285-sidebar.png\" alt=\"\" class=\"wp-image-86\"\/><\/figure>\n\n\n\n<figure class=\"wp-block-image size-large\"><img loading=\"lazy\" decoding=\"async\" width=\"1024\" height=\"614\" data-id=\"28\" src=\"http:\/\/fabriek.com.br\/wp-content\/uploads\/2025\/05\/2000x1200_07-1024x614.jpg\" alt=\"\" class=\"wp-image-28\" srcset=\"https:\/\/fabriek.com.br\/wp-content\/uploads\/2025\/05\/2000x1200_07-1024x614.jpg 1024w, https:\/\/fabriek.com.br\/wp-content\/uploads\/2025\/05\/2000x1200_07-300x180.jpg 300w, https:\/\/fabriek.com.br\/wp-content\/uploads\/2025\/05\/2000x1200_07-768x461.jpg 768w, https:\/\/fabriek.com.br\/wp-content\/uploads\/2025\/05\/2000x1200_07-1536x922.jpg 1536w, https:\/\/fabriek.com.br\/wp-content\/uploads\/2025\/05\/2000x1200_07.jpg 2000w\" sizes=\"auto, (max-width: 767px) 89vw, (max-width: 1000px) 54vw, (max-width: 1071px) 543px, 580px\" \/><\/figure>\n\n\n\n<figure class=\"wp-block-image size-large\"><img loading=\"lazy\" decoding=\"async\" width=\"1024\" height=\"614\" data-id=\"22\" src=\"http:\/\/fabriek.com.br\/wp-content\/uploads\/2025\/05\/2000x1200_04-1024x614.jpg\" alt=\"\" class=\"wp-image-22\" srcset=\"https:\/\/fabriek.com.br\/wp-content\/uploads\/2025\/05\/2000x1200_04-1024x614.jpg 1024w, https:\/\/fabriek.com.br\/wp-content\/uploads\/2025\/05\/2000x1200_04-300x180.jpg 300w, https:\/\/fabriek.com.br\/wp-content\/uploads\/2025\/05\/2000x1200_04-768x461.jpg 768w, https:\/\/fabriek.com.br\/wp-content\/uploads\/2025\/05\/2000x1200_04-1536x922.jpg 1536w, https:\/\/fabriek.com.br\/wp-content\/uploads\/2025\/05\/2000x1200_04.jpg 2000w\" sizes=\"auto, (max-width: 767px) 89vw, (max-width: 1000px) 54vw, (max-width: 1071px) 543px, 580px\" \/><\/figure>\n\n\n\n<figure class=\"wp-block-image size-large\"><img loading=\"lazy\" decoding=\"async\" width=\"1024\" height=\"614\" data-id=\"23\" src=\"http:\/\/fabriek.com.br\/wp-content\/uploads\/2025\/05\/2000x1200_01-1024x614.jpg\" alt=\"\" class=\"wp-image-23\" srcset=\"https:\/\/fabriek.com.br\/wp-content\/uploads\/2025\/05\/2000x1200_01-1024x614.jpg 1024w, https:\/\/fabriek.com.br\/wp-content\/uploads\/2025\/05\/2000x1200_01-300x180.jpg 300w, https:\/\/fabriek.com.br\/wp-content\/uploads\/2025\/05\/2000x1200_01-768x461.jpg 768w, https:\/\/fabriek.com.br\/wp-content\/uploads\/2025\/05\/2000x1200_01-1536x922.jpg 1536w, https:\/\/fabriek.com.br\/wp-content\/uploads\/2025\/05\/2000x1200_01.jpg 2000w\" sizes=\"auto, (max-width: 767px) 89vw, (max-width: 1000px) 54vw, (max-width: 1071px) 543px, 580px\" \/><\/figure>\n<\/figure>\n<\/div>\n\n\n\n<div class=\"wp-block-column is-layout-flow wp-block-column-is-layout-flow\"><\/div>\n\n\n\n<div class=\"wp-block-column is-layout-flow wp-block-column-is-layout-flow\" style=\"flex-basis:66.66%\">\n<h2 class=\"wp-block-heading has-small-font-size\"><strong>Planejamento Integrado de Adapta\u00e7\u00e3o Clim\u00e1tica<\/strong><\/h2>\n\n\n\n<p class=\"has-small-font-size\">As cidades brasileiras enfrentam desafios clim\u00e1ticos crescentes. Chuvas intensas, ondas de calor e outros eventos extremos exigem uma resposta coordenada e estrat\u00e9gica. Um planejamento urbano que integre a adapta\u00e7\u00e3o clim\u00e1tica desde o in\u00edcio n\u00e3o \u00e9 mais uma op\u00e7\u00e3o, mas uma necessidade urgente para garantir a resili\u00eancia e a qualidade de vida urbana.<\/p>\n\n\n\n<p class=\"has-small-font-size\">A FA-BRIEK especializa-se no desenvolvimento de Planos Diretores e Planos de A\u00e7\u00e3o Clim\u00e1tica que pensam a cidade de forma hol\u00edstica.<\/p>\n\n\n\n<p class=\"has-text-align-center has-small-font-size\"><a href=\"http:\/\/fabriek.com.br\/?page_id=118\" data-type=\"page\" data-id=\"118\">leia mais<\/a><\/p>\n\n\n\n<hr class=\"wp-block-separator has-alpha-channel-opacity\"\/>\n\n\n\n<h2 class=\"wp-block-heading has-small-font-size\"><strong>Solu\u00e7\u00f5es Baseadas na Natureza &amp; Paisagens Regenerativas<\/strong><\/h2>\n\n\n\n<p class=\"has-small-font-size\">Integrar a natureza nas cidades \u00e9 essencial para enfrentar os desafios clim\u00e1ticos e criar ambientes urbanos mais saud\u00e1veis e agrad\u00e1veis. As Solu\u00e7\u00f5es Baseadas na Natureza (SbN) e o design de paisagens regenerativas oferecem abordagens inovadoras para mitigar ilhas de calor, gerir \u00e1guas pluviais de forma sustent\u00e1vel e promover a biodiversidade local, transformando a infraestrutura cinza em verde.<\/p>\n\n\n\n<p class=\"has-small-font-size\">A FA-BRIEK acredita no poder transformador da natureza urbana. Nossa experi\u00eancia internacional inclui o desenvolvimento de vis\u00f5es estrat\u00e9gicas e masterplans para parques urbanos multifuncionais.<\/p>\n\n\n\n<p class=\"has-text-align-center has-small-font-size\"><a href=\"http:\/\/fabriek.com.br\/?page_id=140\" data-type=\"page\" data-id=\"140\">leia mais<\/a><\/p>\n\n\n\n<hr class=\"wp-block-separator has-alpha-channel-opacity\"\/>\n\n\n\n<h2 class=\"wp-block-heading has-small-font-size\"><strong>Capacita\u00e7\u00e3o e fortalecimento institucional<\/strong><\/h2>\n\n\n\n<p class=\"has-small-font-size\">A complexidade dos projetos de adapta\u00e7\u00e3o clim\u00e1tica exige n\u00e3o apenas solu\u00e7\u00f5es t\u00e9cnicas inovadoras, mas tamb\u00e9m equipes municipais capacitadas e institui\u00e7\u00f5es fortalecidas. A gest\u00e3o eficaz de iniciativas que envolvem m\u00faltiplas secretarias, especialistas e stakeholders \u00e9 um desafio crucial para o sucesso das a\u00e7\u00f5es clim\u00e1ticas no Brasil.<\/p>\n\n\n\n<p class=\"has-small-font-size\">A FA-BRIEK compreende que\u00a0o sucesso de projetos transformadores depende da capacidade das equipes\u00a0locais em geri-los.<\/p>\n\n\n\n<p class=\"has-text-align-center has-small-font-size\"><a href=\"http:\/\/fabriek.com.br\/?page_id=148\" data-type=\"page\" data-id=\"148\">leia mais<\/a><\/p>\n\n\n\n<hr class=\"wp-block-separator has-alpha-channel-opacity\"\/>\n\n\n\n<h2 class=\"wp-block-heading has-small-font-size\"><strong>Arquitetura de financiamento &amp; desenvolvimento de cons\u00f3rcios<\/strong><\/h2>\n\n\n\n<p class=\"has-small-font-size\">Viabilizar financeiramente projetos ambiciosos de adapta\u00e7\u00e3o clim\u00e1tica \u00e9 um desafio central para os munic\u00edpios brasileiros. A estrutura\u00e7\u00e3o de candidaturas a editais, a montagem de cons\u00f3rcios multidisciplinares e o desenho de esquemas de financiamento inovadores s\u00e3o compet\u00eancias essenciais para transformar planos em realidade.<\/p>\n\n\n\n<p class=\"has-small-font-size\">FA-BRIEK possui expertise na arquitetura financeira de projetos complexos. Nossa experi\u00eancia internacional envolve a participa\u00e7\u00e3o e a lideran\u00e7a em processos competitivos e a colabora\u00e7\u00e3o com diversos tipos de clientes, incluindo governos, investidores privados e entidades intermunicipais, para viabilizar iniciativas de grande escala.<\/p>\n\n\n\n<p class=\"has-text-align-center has-small-font-size\"><a href=\"http:\/\/fabriek.com.br\/?page_id=158\" data-type=\"page\" data-id=\"158\">leia mais<\/a><\/p>\n\n\n\n<hr class=\"wp-block-separator has-alpha-channel-opacity\"\/>\n\n\n\n<h2 class=\"wp-block-heading has-small-font-size\"><strong>Monitoramento, avalia\u00e7\u00e3o &amp; expans\u00e3o<\/strong><\/h2>\n\n\n\n<p class=\"has-small-font-size\">Implementar projetos de adapta\u00e7\u00e3o clim\u00e1tica \u00e9 apenas o primeiro passo. Para garantir o sucesso a longo prazo e a possibilidade de replica\u00e7\u00e3o, \u00e9 fundamental estabelecer sistemas robustos de monitoramento e avalia\u00e7\u00e3o, utilizando dados concretos para aprender, adaptar e expandir as solu\u00e7\u00f5es mais eficazes.<\/p>\n\n\n\n<p class=\"has-small-font-size\">FA-BRIEK entende que a adapta\u00e7\u00e3o clim\u00e1tica \u00e9 um processo cont\u00ednuo de aprendizado. Em nossa pr\u00e1tica internacional, integramos o monitoramento e a avalia\u00e7\u00e3o desde as fases iniciais do projeto.<\/p>\n\n\n\n<p class=\"has-text-align-center has-small-font-size\"><a href=\"http:\/\/fabriek.com.br\/?page_id=172\" data-type=\"page\" data-id=\"172\">leia mais<\/a><\/p>\n<\/div>\n<\/div>\n","protected":false},"excerpt":{"rendered":"<p>Nossas \u00e1reas de especializa\u00e7\u00e3o: conhecimento aplicado, impacto real Na FA-BRIEK, nossas especializa\u00e7\u00f5es n\u00e3o s\u00e3o apenas temas de estudo \u2014 s\u00e3o frentes nas quais atuamos diretamente, com experi\u00eancia pr\u00e1tica em diferentes contextos urbanos e ambientais. J\u00e1 estruturamos, executamos e acompanhamos projetos complexos, o que nos permite entender tanto o potencial transformador de cada abordagem quanto os &hellip; <\/p>\n<p class=\"link-more\"><a href=\"https:\/\/fabriek.com.br\/?page_id=133\" class=\"more-link\">Continue reading<span class=\"screen-reader-text\"> &#8220;\u00c1reas de especializa\u00e7\u00e3o&#8221;<\/span><\/a><\/p>\n","protected":false},"author":1,"featured_media":0,"parent":0,"menu_order":0,"comment_status":"closed","ping_status":"closed","template":"","meta":{"_joinchat":[],"footnotes":""},"class_list":["post-133","page","type-page","status-publish","hentry"],"_links":{"self":[{"href":"https:\/\/fabriek.com.br\/index.php?rest_route=\/wp\/v2\/pages\/133","targetHints":{"allow":["GET"]}}],"collection":[{"href":"https:\/\/fabriek.com.br\/index.php?rest_route=\/wp\/v2\/pages"}],"about":[{"href":"https:\/\/fabriek.com.br\/index.php?rest_route=\/wp\/v2\/types\/page"}],"author":[{"embeddable":true,"href":"https:\/\/fabriek.com.br\/index.php?rest_route=\/wp\/v2\/users\/1"}],"replies":[{"embeddable":true,"href":"https:\/\/fabriek.com.br\/index.php?rest_route=%2Fwp%2Fv2%2Fcomments&post=133"}],"version-history":[{"count":10,"href":"https:\/\/fabriek.com.br\/index.php?rest_route=\/wp\/v2\/pages\/133\/revisions"}],"predecessor-version":[{"id":271,"href":"https:\/\/fabriek.com.br\/index.php?rest_route=\/wp\/v2\/pages\/133\/revisions\/271"}],"wp:attachment":[{"href":"https:\/\/fabriek.com.br\/index.php?rest_route=%2Fwp%2Fv2%2Fmedia&parent=133"}],"curies":[{"name":"wp","href":"https:\/\/api.w.org\/{rel}","templated":true}]}}