{"id":240,"date":"2025-05-05T00:15:52","date_gmt":"2025-05-05T03:15:52","guid":{"rendered":"http:\/\/fabriek.com.br\/?page_id=240"},"modified":"2025-05-05T12:43:44","modified_gmt":"2025-05-05T15:43:44","slug":"download-white-paper-custo-da-inacao","status":"publish","type":"page","link":"http:\/\/fabriek.com.br\/?page_id=240","title":{"rendered":"White Paper: O custo da ina\u00e7\u00e3o em projetos de resili\u00eancia urbana"},"content":{"rendered":"\n<p class=\"has-small-font-size\">Ignorar os custos invis\u00edveis da ina\u00e7\u00e3o clim\u00e1tica \u00e9 apostar contra o futuro das cidades. Adiar interven\u00e7\u00f5es hoje significa repassar \u2014 com juros \u2014 a conta para amanh\u00e3: infraestrutura danificada, crises sociais agravadas e oportunidades perdidas de desenvolvimento sustent\u00e1vel.<\/p>\n\n\n\n<p class=\"has-small-font-size\">Ainda assim, muitos gestores seguem travados entre a urg\u00eancia dos desafios e a escassez de tempo, equipe e recursos.<\/p>\n\n\n\n<p class=\"has-small-font-size\">No white paper <em>O custo da ina\u00e7\u00e3o em projetos de resili\u00eancia urbana<\/em>, aprofundamos o tema de <em>quanto sua cidade perde por n\u00e3o estruturar projetos de resili\u00eancia<\/em> e oferecemos argumentos concretos para apoiar decis\u00f5es mais r\u00e1pidas, eficientes e transformadoras.<\/p>\n\n\n\n<p class=\"has-small-font-size\">O download \u00e9 gratuito ap\u00f3s cadastro.<\/p>\n\n\n\n<iframe src=\"https:\/\/embeds.beehiiv.com\/2b88d85c-1922-43ac-8742-4008e898b332?slim=true\" data-test-id=\"beehiiv-embed\" height=\"52\" frameborder=\"0\" scrolling=\"no\" style=\"margin: 0; border-radius: 0px !important; background-color: transparent;\"><\/iframe>\n","protected":false},"excerpt":{"rendered":"<p>Ignorar os custos invis\u00edveis da ina\u00e7\u00e3o clim\u00e1tica \u00e9 apostar contra o futuro das cidades. Adiar interven\u00e7\u00f5es hoje significa repassar \u2014 com juros \u2014 a conta para amanh\u00e3: infraestrutura danificada, crises sociais agravadas e oportunidades perdidas de desenvolvimento sustent\u00e1vel. Ainda assim, muitos gestores seguem travados entre a urg\u00eancia dos desafios e a escassez de tempo, equipe &hellip; <\/p>\n<p class=\"link-more\"><a href=\"http:\/\/fabriek.com.br\/?page_id=240\" class=\"more-link\">Continue reading<span class=\"screen-reader-text\"> &#8220;White Paper: O custo da ina\u00e7\u00e3o em projetos de resili\u00eancia urbana&#8221;<\/span><\/a><\/p>\n","protected":false},"author":1,"featured_media":0,"parent":0,"menu_order":0,"comment_status":"closed","ping_status":"closed","template":"","meta":{"_joinchat":[],"footnotes":""},"class_list":["post-240","page","type-page","status-publish","hentry"],"_links":{"self":[{"href":"http:\/\/fabriek.com.br\/index.php?rest_route=\/wp\/v2\/pages\/240","targetHints":{"allow":["GET"]}}],"collection":[{"href":"http:\/\/fabriek.com.br\/index.php?rest_route=\/wp\/v2\/pages"}],"about":[{"href":"http:\/\/fabriek.com.br\/index.php?rest_route=\/wp\/v2\/types\/page"}],"author":[{"embeddable":true,"href":"http:\/\/fabriek.com.br\/index.php?rest_route=\/wp\/v2\/users\/1"}],"replies":[{"embeddable":true,"href":"http:\/\/fabriek.com.br\/index.php?rest_route=%2Fwp%2Fv2%2Fcomments&post=240"}],"version-history":[{"count":3,"href":"http:\/\/fabriek.com.br\/index.php?rest_route=\/wp\/v2\/pages\/240\/revisions"}],"predecessor-version":[{"id":262,"href":"http:\/\/fabriek.com.br\/index.php?rest_route=\/wp\/v2\/pages\/240\/revisions\/262"}],"wp:attachment":[{"href":"http:\/\/fabriek.com.br\/index.php?rest_route=%2Fwp%2Fv2%2Fmedia&parent=240"}],"curies":[{"name":"wp","href":"https:\/\/api.w.org\/{rel}","templated":true}]}}